{"id":359,"date":"2023-05-29T10:49:18","date_gmt":"2023-05-29T10:49:18","guid":{"rendered":"https:\/\/arso.ro\/?page_id=359"},"modified":"2025-05-01T14:06:35","modified_gmt":"2025-05-01T14:06:35","slug":"politica-de-confidentialitate","status":"publish","type":"page","link":"https:\/\/arso.ro\/en\/politica-de-confidentialitate\/","title":{"rendered":"Politica de Confiden\u021bialitate"},"content":{"rendered":"<style>.elementor-359 .elementor-element.elementor-element-69faa71 > .elementor-container{max-width:1170px;}.elementor-359 .elementor-element.elementor-element-69faa71:not(.elementor-motion-effects-element-type-background), .elementor-359 .elementor-element.elementor-element-69faa71 > .elementor-motion-effects-container > .elementor-motion-effects-layer{background-color:var( --e-global-color-cb1bbfc );}.elementor-359 .elementor-element.elementor-element-69faa71{transition:background 0.3s, border 0.3s, border-radius 0.3s, box-shadow 0.3s;padding:140px 0px 140px 0px;}.elementor-359 .elementor-element.elementor-element-69faa71 > .elementor-background-overlay{transition:background 0.3s, border-radius 0.3s, opacity 0.3s;}.elementor-359 .elementor-element.elementor-element-0110032.elementor-column > .elementor-widget-wrap{justify-content:center;}.elementor-359 .elementor-element.elementor-element-27edc89{text-align:center;}.elementor-359 .elementor-element.elementor-element-27edc89 .elementor-heading-title{font-family:var( --e-global-typography-secondary-font-family ), Sans-serif;font-size:var( --e-global-typography-secondary-font-size );font-weight:var( --e-global-typography-secondary-font-weight );line-height:var( --e-global-typography-secondary-line-height );color:#FFFFFF;}.elementor-359 .elementor-element.elementor-element-bcb67f3 .elementor-icon-list-items:not(.elementor-inline-items) .elementor-icon-list-item:not(:last-child){padding-block-end:calc(5px\/2);}.elementor-359 .elementor-element.elementor-element-bcb67f3 .elementor-icon-list-items:not(.elementor-inline-items) .elementor-icon-list-item:not(:first-child){margin-block-start:calc(5px\/2);}.elementor-359 .elementor-element.elementor-element-bcb67f3 .elementor-icon-list-items.elementor-inline-items .elementor-icon-list-item{margin-inline:calc(5px\/2);}.elementor-359 .elementor-element.elementor-element-bcb67f3 .elementor-icon-list-items.elementor-inline-items{margin-inline:calc(-5px\/2);}.elementor-359 .elementor-element.elementor-element-bcb67f3 .elementor-icon-list-items.elementor-inline-items .elementor-icon-list-item:after{inset-inline-end:calc(-5px\/2);}.elementor-359 .elementor-element.elementor-element-bcb67f3 .elementor-icon-list-icon i{color:var( --e-global-color-94cd090 );transition:color 0.3s;}.elementor-359 .elementor-element.elementor-element-bcb67f3 .elementor-icon-list-icon svg{fill:var( --e-global-color-94cd090 );transition:fill 0.3s;}.elementor-359 .elementor-element.elementor-element-bcb67f3{--e-icon-list-icon-size:14px;--icon-vertical-offset:0px;width:auto;max-width:auto;}.elementor-359 .elementor-element.elementor-element-bcb67f3 .elementor-icon-list-text{color:#000000;transition:color 0.3s;}.elementor-359 .elementor-element.elementor-element-bcb67f3 > .elementor-widget-container{padding:10px 30px 10px 30px;background-color:var( --e-global-color-1dd30fd );}.elementor-359 .elementor-element.elementor-element-e729cc4 > .elementor-container{max-width:1170px;}.elementor-359 .elementor-element.elementor-element-e729cc4 > .elementor-container > .elementor-column > .elementor-widget-wrap{align-content:center;align-items:center;}.elementor-359 .elementor-element.elementor-element-e729cc4:not(.elementor-motion-effects-element-type-background), .elementor-359 .elementor-element.elementor-element-e729cc4 > .elementor-motion-effects-container > .elementor-motion-effects-layer{background-color:#F6F4EF00;}.elementor-359 .elementor-element.elementor-element-e729cc4{transition:background 0.3s, border 0.3s, border-radius 0.3s, box-shadow 0.3s;padding:100px 0px 180px 0px;}.elementor-359 .elementor-element.elementor-element-e729cc4 > .elementor-background-overlay{transition:background 0.3s, border-radius 0.3s, opacity 0.3s;}.elementor-359 .elementor-element.elementor-element-810efa8 > .elementor-element-populated{padding:10px 10px 10px 40px;}.elementor-359 .elementor-element.elementor-element-e3bd9f0 .elementor-heading-title{font-family:var( --e-global-typography-852cf57-font-family ), Sans-serif;font-size:var( --e-global-typography-852cf57-font-size );font-weight:var( --e-global-typography-852cf57-font-weight );line-height:var( --e-global-typography-852cf57-line-height );letter-spacing:var( --e-global-typography-852cf57-letter-spacing );word-spacing:var( --e-global-typography-852cf57-word-spacing );color:var( --e-global-color-94cd090 );}.elementor-359 .elementor-element.elementor-element-951f7fe .elementor-heading-title{font-family:var( --e-global-typography-secondary-font-family ), Sans-serif;font-size:var( --e-global-typography-secondary-font-size );font-weight:var( --e-global-typography-secondary-font-weight );line-height:var( --e-global-typography-secondary-line-height );color:#000000;}.elementor-359 .elementor-element.elementor-element-951f7fe > .elementor-widget-container{padding:0px 0px 0px 20px;border-style:solid;border-width:0px 0px 0px 5px;border-color:var( --e-global-color-cb1bbfc );}.elementor-359 .elementor-element.elementor-element-b502618{font-family:var( --e-global-typography-text-font-family ), Sans-serif;font-size:var( --e-global-typography-text-font-size );font-weight:var( --e-global-typography-text-font-weight );line-height:var( --e-global-typography-text-line-height );color:#505E6B;}@media(max-width:1024px) and (min-width:768px){.elementor-359 .elementor-element.elementor-element-810efa8{width:100%;}}@media(max-width:1024px){.elementor-359 .elementor-element.elementor-element-69faa71{padding:100px 0px 100px 0px;}.elementor-359 .elementor-element.elementor-element-27edc89 .elementor-heading-title{font-size:var( --e-global-typography-secondary-font-size );line-height:var( --e-global-typography-secondary-line-height );}.elementor-359 .elementor-element.elementor-element-e729cc4{padding:80px 10px 80px 10px;}.elementor-359 .elementor-element.elementor-element-810efa8 > .elementor-element-populated{padding:10px 10px 10px 10px;}.elementor-359 .elementor-element.elementor-element-e3bd9f0 .elementor-heading-title{font-size:var( --e-global-typography-852cf57-font-size );line-height:var( --e-global-typography-852cf57-line-height );letter-spacing:var( --e-global-typography-852cf57-letter-spacing );word-spacing:var( --e-global-typography-852cf57-word-spacing );}.elementor-359 .elementor-element.elementor-element-951f7fe .elementor-heading-title{font-size:var( --e-global-typography-secondary-font-size );line-height:var( --e-global-typography-secondary-line-height );}.elementor-359 .elementor-element.elementor-element-b502618{font-size:var( --e-global-typography-text-font-size );line-height:var( --e-global-typography-text-line-height );}}@media(max-width:767px){.elementor-359 .elementor-element.elementor-element-69faa71{padding:80px 10px 80px 10px;}.elementor-359 .elementor-element.elementor-element-27edc89 .elementor-heading-title{font-size:var( --e-global-typography-secondary-font-size );line-height:var( --e-global-typography-secondary-line-height );}.elementor-359 .elementor-element.elementor-element-e729cc4{padding:20px 10px 40px 10px;}.elementor-359 .elementor-element.elementor-element-810efa8 > .elementor-element-populated{padding:10px 10px 10px 10px;}.elementor-359 .elementor-element.elementor-element-e3bd9f0 .elementor-heading-title{font-size:var( --e-global-typography-852cf57-font-size );line-height:var( --e-global-typography-852cf57-line-height );letter-spacing:var( --e-global-typography-852cf57-letter-spacing );word-spacing:var( --e-global-typography-852cf57-word-spacing );}.elementor-359 .elementor-element.elementor-element-951f7fe .elementor-heading-title{font-size:var( --e-global-typography-secondary-font-size );line-height:var( --e-global-typography-secondary-line-height );}.elementor-359 .elementor-element.elementor-element-b502618{font-size:var( --e-global-typography-text-font-size );line-height:var( --e-global-typography-text-line-height );}}<\/style>\t\t<div data-elementor-type=\"wp-page\" data-elementor-id=\"359\" class=\"elementor elementor-359\" data-elementor-post-type=\"page\">\n\t\t\t\t\t\t<section class=\"elementor-section elementor-top-section elementor-element elementor-element-69faa71 elementor-section-boxed elementor-section-height-default elementor-section-height-default\" data-id=\"69faa71\" data-element_type=\"section\" data-e-type=\"section\" data-settings=\"{&quot;background_background&quot;:&quot;classic&quot;}\">\n\t\t\t\t\t\t<div class=\"elementor-container elementor-column-gap-default\">\n\t\t\t\t\t<div class=\"elementor-column elementor-col-100 elementor-top-column elementor-element elementor-element-0110032\" data-id=\"0110032\" data-element_type=\"column\" data-e-type=\"column\">\n\t\t\t<div class=\"elementor-widget-wrap elementor-element-populated\">\n\t\t\t\t\t\t<div class=\"elementor-element elementor-element-27edc89 elementor-widget elementor-widget-heading\" data-id=\"27edc89\" data-element_type=\"widget\" data-e-type=\"widget\" data-widget_type=\"heading.default\">\n\t\t\t\t<div class=\"elementor-widget-container\">\n\t\t\t\t\t<h2 class=\"elementor-heading-title elementor-size-default\">Politica de Confiden\u021bialitate<\/h2>\t\t\t\t<\/div>\n\t\t\t\t<\/div>\n\t\t\t\t<div class=\"elementor-element elementor-element-bcb67f3 elementor-icon-list--layout-inline elementor-align-center elementor-widget__width-auto elementor-list-item-link-full_width elementor-widget elementor-widget-icon-list\" data-id=\"bcb67f3\" data-element_type=\"widget\" data-e-type=\"widget\" data-widget_type=\"icon-list.default\">\n\t\t\t\t<div class=\"elementor-widget-container\">\n\t\t\t\t\t\t\t<ul class=\"elementor-icon-list-items elementor-inline-items\">\n\t\t\t\t\t\t\t<li class=\"elementor-icon-list-item elementor-inline-item\">\n\t\t\t\t\t\t\t\t\t\t\t<a href=\"https:\/\/arso.ro\/en\/\">\n\n\t\t\t\t\t\t\t\t\t\t\t<span class=\"elementor-icon-list-text\">Home<\/span>\n\t\t\t\t\t\t\t\t\t\t\t<\/a>\n\t\t\t\t\t\t\t\t\t<\/li>\n\t\t\t\t\t\t\t\t<li class=\"elementor-icon-list-item elementor-inline-item\">\n\t\t\t\t\t\t\t\t\t\t\t<span class=\"elementor-icon-list-icon\">\n\t\t\t\t\t\t\t<i aria-hidden=\"true\" class=\"fas fa-chevron-right\"><\/i>\t\t\t\t\t\t<\/span>\n\t\t\t\t\t\t\t\t\t\t<span class=\"elementor-icon-list-text\">Politica de Confiden\u021bialitate<\/span>\n\t\t\t\t\t\t\t\t\t<\/li>\n\t\t\t\t\t\t<\/ul>\n\t\t\t\t\t\t<\/div>\n\t\t\t\t<\/div>\n\t\t\t\t\t<\/div>\n\t\t<\/div>\n\t\t\t\t\t<\/div>\n\t\t<\/section>\n\t\t\t\t<section class=\"elementor-section elementor-top-section elementor-element elementor-element-e729cc4 elementor-section-content-middle elementor-section-boxed elementor-section-height-default elementor-section-height-default\" data-id=\"e729cc4\" data-element_type=\"section\" data-e-type=\"section\" data-settings=\"{&quot;background_background&quot;:&quot;classic&quot;}\">\n\t\t\t\t\t\t<div class=\"elementor-container elementor-column-gap-default\">\n\t\t\t\t\t<div class=\"elementor-column elementor-col-100 elementor-top-column elementor-element elementor-element-810efa8\" data-id=\"810efa8\" data-element_type=\"column\" data-e-type=\"column\">\n\t\t\t<div class=\"elementor-widget-wrap elementor-element-populated\">\n\t\t\t\t\t\t<div class=\"elementor-element elementor-element-e3bd9f0 animated-slow elementor-invisible elementor-widget elementor-widget-heading\" data-id=\"e3bd9f0\" data-element_type=\"widget\" data-e-type=\"widget\" data-settings=\"{&quot;_animation&quot;:&quot;fadeInLeft&quot;}\" data-widget_type=\"heading.default\">\n\t\t\t\t<div class=\"elementor-widget-container\">\n\t\t\t\t\t<h5 class=\"elementor-heading-title elementor-size-default\">ARSO<\/h5>\t\t\t\t<\/div>\n\t\t\t\t<\/div>\n\t\t\t\t<div class=\"elementor-element elementor-element-951f7fe elementor-widget elementor-widget-heading\" data-id=\"951f7fe\" data-element_type=\"widget\" data-e-type=\"widget\" data-widget_type=\"heading.default\">\n\t\t\t\t<div class=\"elementor-widget-container\">\n\t\t\t\t\t<h2 class=\"elementor-heading-title elementor-size-default\">Politica de Confiden\u021bialitate<\/h2>\t\t\t\t<\/div>\n\t\t\t\t<\/div>\n\t\t\t\t<div class=\"elementor-element elementor-element-b502618 elementor-widget elementor-widget-text-editor\" data-id=\"b502618\" data-element_type=\"widget\" data-e-type=\"widget\" data-widget_type=\"text-editor.default\">\n\t\t\t\t<div class=\"elementor-widget-container\">\n\t\t\t\t\t\t\t\t\t<p>Ultima actualizare: 29.05.2023<\/p><p>Mul\u021bumim c\u0103 utiliza\u021bi website-ul <a href=\"https:\/\/arso.ro\/en\/\" target=\"_new\">https:\/\/arso.ro\/<\/a>. Ne lu\u0103m angajamentul de a proteja confiden\u021bialitatea \u0219i securitatea informa\u021biilor dvs. personale. Aceast\u0103 politic\u0103 de confiden\u021bialitate v\u0103 explic\u0103 modul \u00een care colect\u0103m, utiliz\u0103m \u0219i protej\u0103m informa\u021biile pe care le furniza\u021bi atunci c\u00e2nd utiliza\u021bi website-ul nostru. V\u0103 rug\u0103m s\u0103 citi\u021bi cu aten\u021bie aceast\u0103 politic\u0103 \u0219i s\u0103 ne contacta\u021bi dac\u0103 ave\u021bi \u00eentreb\u0103ri sau nel\u0103muriri.<\/p><ol><li><p>Informa\u021biile pe care le colect\u0103m: a. Informa\u021bii personale: \u00cen timp ce utiliza\u021bi website-ul nostru, v\u0103 putem solicita s\u0103 furniza\u021bi anumite informa\u021bii personale, cum ar fi numele, adresa de e-mail, num\u0103rul de telefon sau alte informa\u021bii relevante. b. Informa\u021bii de navigare: \u00cen timpul navig\u0103rii pe website-ul nostru, colect\u0103m automat anumite informa\u021bii, cum ar fi adresa IP, tipul de browser utilizat, paginile vizitate \u0219i orele de acces.<\/p><\/li><li><p>Utilizarea informa\u021biilor: a. Utilizarea informa\u021biilor personale: Utiliz\u0103m informa\u021biile personale pe care le colect\u0103m \u00een principal pentru a v\u0103 furniza serviciile solicitate \u0219i pentru a v\u0103 contacta \u00een leg\u0103tur\u0103 cu acestea. De asemenea, putem utiliza aceste informa\u021bii \u00een scopuri de marketing, cum ar fi trimiterea de actualiz\u0103ri, nout\u0103\u021bi sau oferte speciale, cu acordul dvs. explicit. b. Utilizarea informa\u021biilor de navigare: Informa\u021biile de navigare colectate sunt utilizate pentru a analiza \u0219i \u00eembun\u0103t\u0103\u021bi experien\u021ba utilizatorilor pe website-ul nostru, pentru a detecta \u0219i preveni activit\u0103\u021bile frauduloase \u0219i pentru a administra \u0219i \u00eembun\u0103t\u0103\u021bi serviciile noastre.<\/p><\/li><li><p>Divulgarea informa\u021biilor: a. Nu vindem, tranzac\u021bion\u0103m sau transfer\u0103m \u00een mod direct informa\u021biile dvs. personale c\u0103tre ter\u021be p\u0103r\u021bi f\u0103r\u0103 consim\u021b\u0103m\u00e2ntul dvs., cu excep\u021bia cazurilor prev\u0103zute de lege sau \u00een cazul \u00een care aceasta este necesar\u0103 pentru furnizarea serviciilor solicitate de dvs. b. Putem dezv\u0103lui informa\u021biile dvs. personale c\u0103tre furnizorii de servicii ter\u021bi care ne ajut\u0103 \u00een operarea \u0219i administrarea website-ului nostru, \u00eens\u0103 acestea vor fi obligate s\u0103 p\u0103streze confiden\u021bialitatea informa\u021biilor.<\/p><\/li><li><p>Securitatea informa\u021biilor: a. Ne angaj\u0103m s\u0103 protej\u0103m informa\u021biile dvs. personale \u0219i utiliz\u0103m m\u0103suri de securitate adecvate pentru a preveni accesul neautorizat, utilizarea incorect\u0103, divulgarea sau distrugerea acestora. b. b. Cu toate acestea, trebuie s\u0103 \u00een\u021belege\u021bi c\u0103 nicio metod\u0103 de transmitere a datelor pe internet sau de stocare electronic\u0103 nu este 100% sigur\u0103 \u0219i, prin urmare, nu putem garanta securitatea absolut\u0103 a informa\u021biilor dvs. personale.<\/p><\/li><li><p>Modulele cookie: a. Website-ul nostru utilizeaz\u0103 module cookie pentru a \u00eembun\u0103t\u0103\u021bi func\u021bionalitatea \u0219i experien\u021ba utilizatorilor. Acestea pot colecta informa\u021bii despre utilizator \u0219i pot fi stocate pe dispozitivul dvs. pentru a personaliza con\u021binutul \u0219i a v\u0103 oferi func\u021bionalit\u0103\u021bi specifice. Pute\u021bi gestiona preferin\u021bele privind modulele cookie prin intermediul set\u0103rilor browserului dvs. b. Putem utiliza \u0219i alte tehnologii similare, cum ar fi pixelii de urm\u0103rire, pentru a colecta informa\u021bii despre comportamentul de navigare al utilizatorilor \u0219i pentru a furniza anun\u021buri personalizate.<\/p><\/li><li><p>Link-uri c\u0103tre site-uri ter\u021be: Website-ul nostru poate con\u021bine link-uri c\u0103tre site-uri ter\u021be. Nu avem control asupra con\u021binutului sau politicilor de confiden\u021bialitate ale acestor site-uri \u0219i nu ne asum\u0103m responsabilitatea pentru acestea. V\u0103 recomand\u0103m s\u0103 citi\u021bi politica de confiden\u021bialitate a oric\u0103rui site ter\u021b\u0103 parte pe care \u00eel vizita\u021bi.<\/p><\/li><li><p>Modific\u0103ri ale politicii de confiden\u021bialitate: Ne rezerv\u0103m dreptul de a actualiza sau modifica aceast\u0103 politic\u0103 de confiden\u021bialitate \u00een orice moment. Orice modific\u0103ri vor fi publicate pe aceast\u0103 pagin\u0103, iar data ultimei actualiz\u0103ri va fi afi\u0219at\u0103 \u00een partea de sus a politicii de confiden\u021bialitate. Continuarea utiliz\u0103rii website-ului dup\u0103 efectuarea modific\u0103rilor constituie acceptul dvs. al acestor modific\u0103ri.<\/p><\/li><li><p>Contact: Dac\u0103 ave\u021bi \u00eentreb\u0103ri, nel\u0103muriri sau solicita\u021bii referitoare la aceast\u0103 politic\u0103 de confiden\u021bialitate, v\u0103 rug\u0103m s\u0103 ne contacta\u021bi prin intermediul informa\u021biilor de contact furnizate pe website-ul <a href=\"https:\/\/arso.ro\/en\/\" target=\"_new\">https:\/\/arso.ro\/<\/a>.<\/p><\/li><\/ol>\t\t\t\t\t\t\t\t<\/div>\n\t\t\t\t<\/div>\n\t\t\t\t\t<\/div>\n\t\t<\/div>\n\t\t\t\t\t<\/div>\n\t\t<\/section>\n\t\t\t\t<\/div>","protected":false},"excerpt":{"rendered":"<p>Politica de Confiden\u021bialitate Acas\u0103 Politica de Confiden\u021bialitate ARSO Politica de Confiden\u021bialitate Ultima actualizare: 29.05.2023 Mul\u021bumim c\u0103 utiliza\u021bi website-ul https:\/\/arso.ro\/. Ne lu\u0103m angajamentul de a proteja confiden\u021bialitatea \u0219i securitatea informa\u021biilor dvs. personale. Aceast\u0103 politic\u0103 de confiden\u021bialitate v\u0103 explic\u0103 modul \u00een care colect\u0103m, utiliz\u0103m \u0219i protej\u0103m informa\u021biile pe care le furniza\u021bi atunci c\u00e2nd utiliza\u021bi website-ul nostru. V\u0103 [&hellip;]<\/p>","protected":false},"author":1,"featured_media":0,"parent":0,"menu_order":0,"comment_status":"closed","ping_status":"closed","template":"","meta":{"ocean_post_layout":"full-screen","ocean_both_sidebars_style":"","ocean_both_sidebars_content_width":0,"ocean_both_sidebars_sidebars_width":0,"ocean_sidebar":"0","ocean_second_sidebar":"0","ocean_disable_margins":"enable","ocean_add_body_class":"","ocean_shortcode_before_top_bar":"","ocean_shortcode_after_top_bar":"","ocean_shortcode_before_header":"","ocean_shortcode_after_header":"","ocean_has_shortcode":"","ocean_shortcode_after_title":"","ocean_shortcode_before_footer_widgets":"","ocean_shortcode_after_footer_widgets":"","ocean_shortcode_before_footer_bottom":"","ocean_shortcode_after_footer_bottom":"","ocean_display_top_bar":"default","ocean_display_header":"default","ocean_header_style":"","ocean_center_header_left_menu":"0","ocean_custom_header_template":"0","ocean_custom_logo":0,"ocean_custom_retina_logo":0,"ocean_custom_logo_max_width":0,"ocean_custom_logo_tablet_max_width":0,"ocean_custom_logo_mobile_max_width":0,"ocean_custom_logo_max_height":0,"ocean_custom_logo_tablet_max_height":0,"ocean_custom_logo_mobile_max_height":0,"ocean_header_custom_menu":"0","ocean_menu_typo_font_family":"0","ocean_menu_typo_font_subset":"","ocean_menu_typo_font_size":0,"ocean_menu_typo_font_size_tablet":0,"ocean_menu_typo_font_size_mobile":0,"ocean_menu_typo_font_size_unit":"px","ocean_menu_typo_font_weight":"","ocean_menu_typo_font_weight_tablet":"","ocean_menu_typo_font_weight_mobile":"","ocean_menu_typo_transform":"","ocean_menu_typo_transform_tablet":"","ocean_menu_typo_transform_mobile":"","ocean_menu_typo_line_height":0,"ocean_menu_typo_line_height_tablet":0,"ocean_menu_typo_line_height_mobile":0,"ocean_menu_typo_line_height_unit":"","ocean_menu_typo_spacing":0,"ocean_menu_typo_spacing_tablet":0,"ocean_menu_typo_spacing_mobile":0,"ocean_menu_typo_spacing_unit":"","ocean_menu_link_color":"","ocean_menu_link_color_hover":"","ocean_menu_link_color_active":"","ocean_menu_link_background":"","ocean_menu_link_hover_background":"","ocean_menu_link_active_background":"","ocean_menu_social_links_bg":"","ocean_menu_social_hover_links_bg":"","ocean_menu_social_links_color":"","ocean_menu_social_hover_links_color":"","ocean_disable_title":"default","ocean_disable_heading":"default","ocean_post_title":"","ocean_post_subheading":"","ocean_post_title_style":"","ocean_post_title_background_color":"","ocean_post_title_background":0,"ocean_post_title_bg_image_position":"","ocean_post_title_bg_image_attachment":"","ocean_post_title_bg_image_repeat":"","ocean_post_title_bg_image_size":"","ocean_post_title_height":0,"ocean_post_title_bg_overlay":0.5,"ocean_post_title_bg_overlay_color":"","ocean_disable_breadcrumbs":"default","ocean_breadcrumbs_color":"","ocean_breadcrumbs_separator_color":"","ocean_breadcrumbs_links_color":"","ocean_breadcrumbs_links_hover_color":"","ocean_display_footer_widgets":"default","ocean_display_footer_bottom":"default","ocean_custom_footer_template":"0","footnotes":""},"class_list":["post-359","page","type-page","status-publish","hentry","entry","owp-thumbs-layout-horizontal","owp-btn-normal","owp-tabs-layout-horizontal","has-no-thumbnails","has-product-nav"],"_links":{"self":[{"href":"https:\/\/arso.ro\/en\/wp-json\/wp\/v2\/pages\/359","targetHints":{"allow":["GET"]}}],"collection":[{"href":"https:\/\/arso.ro\/en\/wp-json\/wp\/v2\/pages"}],"about":[{"href":"https:\/\/arso.ro\/en\/wp-json\/wp\/v2\/types\/page"}],"author":[{"embeddable":true,"href":"https:\/\/arso.ro\/en\/wp-json\/wp\/v2\/users\/1"}],"replies":[{"embeddable":true,"href":"https:\/\/arso.ro\/en\/wp-json\/wp\/v2\/comments?post=359"}],"version-history":[{"count":7,"href":"https:\/\/arso.ro\/en\/wp-json\/wp\/v2\/pages\/359\/revisions"}],"predecessor-version":[{"id":377,"href":"https:\/\/arso.ro\/en\/wp-json\/wp\/v2\/pages\/359\/revisions\/377"}],"wp:attachment":[{"href":"https:\/\/arso.ro\/en\/wp-json\/wp\/v2\/media?parent=359"}],"curies":[{"name":"wp","href":"https:\/\/api.w.org\/{rel}","templated":true}]}}