{"id":360,"date":"2023-05-29T10:50:27","date_gmt":"2023-05-29T10:50:27","guid":{"rendered":"https:\/\/arso.ro\/?page_id=360"},"modified":"2025-04-30T23:13:43","modified_gmt":"2025-04-30T23:13:43","slug":"politica-cookies","status":"publish","type":"page","link":"https:\/\/arso.ro\/en\/politica-cookies\/","title":{"rendered":"Politica Cookies"},"content":{"rendered":"<style>.elementor-360 .elementor-element.elementor-element-d1bcc4d > .elementor-container{max-width:1170px;}.elementor-360 .elementor-element.elementor-element-d1bcc4d:not(.elementor-motion-effects-element-type-background), .elementor-360 .elementor-element.elementor-element-d1bcc4d > .elementor-motion-effects-container > .elementor-motion-effects-layer{background-color:var( --e-global-color-cb1bbfc );}.elementor-360 .elementor-element.elementor-element-d1bcc4d{transition:background 0.3s, border 0.3s, border-radius 0.3s, box-shadow 0.3s;padding:140px 0px 140px 0px;}.elementor-360 .elementor-element.elementor-element-d1bcc4d > .elementor-background-overlay{transition:background 0.3s, border-radius 0.3s, opacity 0.3s;}.elementor-360 .elementor-element.elementor-element-2743c95.elementor-column > .elementor-widget-wrap{justify-content:center;}.elementor-360 .elementor-element.elementor-element-d0688e4{text-align:center;}.elementor-360 .elementor-element.elementor-element-d0688e4 .elementor-heading-title{font-family:var( --e-global-typography-secondary-font-family ), Sans-serif;font-size:var( --e-global-typography-secondary-font-size );font-weight:var( --e-global-typography-secondary-font-weight );line-height:var( --e-global-typography-secondary-line-height );color:#FFFFFF;}.elementor-360 .elementor-element.elementor-element-0b74ddf .elementor-icon-list-items:not(.elementor-inline-items) .elementor-icon-list-item:not(:last-child){padding-block-end:calc(5px\/2);}.elementor-360 .elementor-element.elementor-element-0b74ddf .elementor-icon-list-items:not(.elementor-inline-items) .elementor-icon-list-item:not(:first-child){margin-block-start:calc(5px\/2);}.elementor-360 .elementor-element.elementor-element-0b74ddf .elementor-icon-list-items.elementor-inline-items .elementor-icon-list-item{margin-inline:calc(5px\/2);}.elementor-360 .elementor-element.elementor-element-0b74ddf .elementor-icon-list-items.elementor-inline-items{margin-inline:calc(-5px\/2);}.elementor-360 .elementor-element.elementor-element-0b74ddf .elementor-icon-list-items.elementor-inline-items .elementor-icon-list-item:after{inset-inline-end:calc(-5px\/2);}.elementor-360 .elementor-element.elementor-element-0b74ddf .elementor-icon-list-icon i{color:var( --e-global-color-94cd090 );transition:color 0.3s;}.elementor-360 .elementor-element.elementor-element-0b74ddf .elementor-icon-list-icon svg{fill:var( --e-global-color-94cd090 );transition:fill 0.3s;}.elementor-360 .elementor-element.elementor-element-0b74ddf{--e-icon-list-icon-size:14px;--icon-vertical-offset:0px;width:auto;max-width:auto;}.elementor-360 .elementor-element.elementor-element-0b74ddf .elementor-icon-list-text{color:#000000;transition:color 0.3s;}.elementor-360 .elementor-element.elementor-element-0b74ddf > .elementor-widget-container{padding:10px 30px 10px 30px;background-color:var( --e-global-color-1dd30fd );}.elementor-360 .elementor-element.elementor-element-1c1b75f > .elementor-container{max-width:1170px;}.elementor-360 .elementor-element.elementor-element-1c1b75f > .elementor-container > .elementor-column > .elementor-widget-wrap{align-content:center;align-items:center;}.elementor-360 .elementor-element.elementor-element-1c1b75f:not(.elementor-motion-effects-element-type-background), .elementor-360 .elementor-element.elementor-element-1c1b75f > .elementor-motion-effects-container > .elementor-motion-effects-layer{background-color:#F6F4EF00;}.elementor-360 .elementor-element.elementor-element-1c1b75f{transition:background 0.3s, border 0.3s, border-radius 0.3s, box-shadow 0.3s;padding:100px 0px 180px 0px;}.elementor-360 .elementor-element.elementor-element-1c1b75f > .elementor-background-overlay{transition:background 0.3s, border-radius 0.3s, opacity 0.3s;}.elementor-360 .elementor-element.elementor-element-242ca42 > .elementor-element-populated{padding:10px 10px 10px 40px;}.elementor-360 .elementor-element.elementor-element-c9bfd7e .elementor-heading-title{font-family:var( --e-global-typography-852cf57-font-family ), Sans-serif;font-size:var( --e-global-typography-852cf57-font-size );font-weight:var( --e-global-typography-852cf57-font-weight );line-height:var( --e-global-typography-852cf57-line-height );letter-spacing:var( --e-global-typography-852cf57-letter-spacing );word-spacing:var( --e-global-typography-852cf57-word-spacing );color:var( --e-global-color-94cd090 );}.elementor-360 .elementor-element.elementor-element-0d7a93c .elementor-heading-title{font-family:var( --e-global-typography-secondary-font-family ), Sans-serif;font-size:var( --e-global-typography-secondary-font-size );font-weight:var( --e-global-typography-secondary-font-weight );line-height:var( --e-global-typography-secondary-line-height );color:#000000;}.elementor-360 .elementor-element.elementor-element-0d7a93c > .elementor-widget-container{padding:0px 0px 0px 20px;border-style:solid;border-width:0px 0px 0px 5px;border-color:var( --e-global-color-cb1bbfc );}.elementor-360 .elementor-element.elementor-element-d5d5682{font-family:var( --e-global-typography-text-font-family ), Sans-serif;font-size:var( --e-global-typography-text-font-size );font-weight:var( --e-global-typography-text-font-weight );line-height:var( --e-global-typography-text-line-height );color:#505E6B;}@media(max-width:1024px) and (min-width:768px){.elementor-360 .elementor-element.elementor-element-242ca42{width:100%;}}@media(max-width:1024px){.elementor-360 .elementor-element.elementor-element-d1bcc4d{padding:100px 0px 100px 0px;}.elementor-360 .elementor-element.elementor-element-d0688e4 .elementor-heading-title{font-size:var( --e-global-typography-secondary-font-size );line-height:var( --e-global-typography-secondary-line-height );}.elementor-360 .elementor-element.elementor-element-1c1b75f{padding:80px 10px 80px 10px;}.elementor-360 .elementor-element.elementor-element-242ca42 > .elementor-element-populated{padding:10px 10px 10px 10px;}.elementor-360 .elementor-element.elementor-element-c9bfd7e .elementor-heading-title{font-size:var( --e-global-typography-852cf57-font-size );line-height:var( --e-global-typography-852cf57-line-height );letter-spacing:var( --e-global-typography-852cf57-letter-spacing );word-spacing:var( --e-global-typography-852cf57-word-spacing );}.elementor-360 .elementor-element.elementor-element-0d7a93c .elementor-heading-title{font-size:var( --e-global-typography-secondary-font-size );line-height:var( --e-global-typography-secondary-line-height );}.elementor-360 .elementor-element.elementor-element-d5d5682{font-size:var( --e-global-typography-text-font-size );line-height:var( --e-global-typography-text-line-height );}}@media(max-width:767px){.elementor-360 .elementor-element.elementor-element-d1bcc4d{padding:80px 10px 80px 10px;}.elementor-360 .elementor-element.elementor-element-d0688e4 .elementor-heading-title{font-size:var( --e-global-typography-secondary-font-size );line-height:var( --e-global-typography-secondary-line-height );}.elementor-360 .elementor-element.elementor-element-1c1b75f{padding:20px 10px 40px 10px;}.elementor-360 .elementor-element.elementor-element-242ca42 > .elementor-element-populated{padding:10px 10px 10px 10px;}.elementor-360 .elementor-element.elementor-element-c9bfd7e .elementor-heading-title{font-size:var( --e-global-typography-852cf57-font-size );line-height:var( --e-global-typography-852cf57-line-height );letter-spacing:var( --e-global-typography-852cf57-letter-spacing );word-spacing:var( --e-global-typography-852cf57-word-spacing );}.elementor-360 .elementor-element.elementor-element-0d7a93c .elementor-heading-title{font-size:var( --e-global-typography-secondary-font-size );line-height:var( --e-global-typography-secondary-line-height );}.elementor-360 .elementor-element.elementor-element-d5d5682{font-size:var( --e-global-typography-text-font-size );line-height:var( --e-global-typography-text-line-height );}}<\/style>\t\t<div data-elementor-type=\"wp-page\" data-elementor-id=\"360\" class=\"elementor elementor-360\" data-elementor-post-type=\"page\">\n\t\t\t\t\t\t<section class=\"elementor-section elementor-top-section elementor-element elementor-element-d1bcc4d elementor-section-boxed elementor-section-height-default elementor-section-height-default\" data-id=\"d1bcc4d\" data-element_type=\"section\" data-e-type=\"section\" data-settings=\"{&quot;background_background&quot;:&quot;classic&quot;}\">\n\t\t\t\t\t\t<div class=\"elementor-container elementor-column-gap-default\">\n\t\t\t\t\t<div class=\"elementor-column elementor-col-100 elementor-top-column elementor-element elementor-element-2743c95\" data-id=\"2743c95\" data-element_type=\"column\" data-e-type=\"column\">\n\t\t\t<div class=\"elementor-widget-wrap elementor-element-populated\">\n\t\t\t\t\t\t<div class=\"elementor-element elementor-element-d0688e4 elementor-widget elementor-widget-heading\" data-id=\"d0688e4\" data-element_type=\"widget\" data-e-type=\"widget\" data-widget_type=\"heading.default\">\n\t\t\t\t<div class=\"elementor-widget-container\">\n\t\t\t\t\t<h2 class=\"elementor-heading-title elementor-size-default\">Politica Cookies<\/h2>\t\t\t\t<\/div>\n\t\t\t\t<\/div>\n\t\t\t\t<div class=\"elementor-element elementor-element-0b74ddf elementor-icon-list--layout-inline elementor-align-center elementor-widget__width-auto elementor-list-item-link-full_width elementor-widget elementor-widget-icon-list\" data-id=\"0b74ddf\" data-element_type=\"widget\" data-e-type=\"widget\" data-widget_type=\"icon-list.default\">\n\t\t\t\t<div class=\"elementor-widget-container\">\n\t\t\t\t\t\t\t<ul class=\"elementor-icon-list-items elementor-inline-items\">\n\t\t\t\t\t\t\t<li class=\"elementor-icon-list-item elementor-inline-item\">\n\t\t\t\t\t\t\t\t\t\t\t<a href=\"https:\/\/arso.ro\/en\/\">\n\n\t\t\t\t\t\t\t\t\t\t\t<span class=\"elementor-icon-list-text\">Home<\/span>\n\t\t\t\t\t\t\t\t\t\t\t<\/a>\n\t\t\t\t\t\t\t\t\t<\/li>\n\t\t\t\t\t\t\t\t<li class=\"elementor-icon-list-item elementor-inline-item\">\n\t\t\t\t\t\t\t\t\t\t\t<span class=\"elementor-icon-list-icon\">\n\t\t\t\t\t\t\t<i aria-hidden=\"true\" class=\"fas fa-chevron-right\"><\/i>\t\t\t\t\t\t<\/span>\n\t\t\t\t\t\t\t\t\t\t<span class=\"elementor-icon-list-text\">Politica Cookies<\/span>\n\t\t\t\t\t\t\t\t\t<\/li>\n\t\t\t\t\t\t<\/ul>\n\t\t\t\t\t\t<\/div>\n\t\t\t\t<\/div>\n\t\t\t\t\t<\/div>\n\t\t<\/div>\n\t\t\t\t\t<\/div>\n\t\t<\/section>\n\t\t\t\t<section class=\"elementor-section elementor-top-section elementor-element elementor-element-1c1b75f elementor-section-content-middle elementor-section-boxed elementor-section-height-default elementor-section-height-default\" data-id=\"1c1b75f\" data-element_type=\"section\" data-e-type=\"section\" data-settings=\"{&quot;background_background&quot;:&quot;classic&quot;}\">\n\t\t\t\t\t\t<div class=\"elementor-container elementor-column-gap-default\">\n\t\t\t\t\t<div class=\"elementor-column elementor-col-100 elementor-top-column elementor-element elementor-element-242ca42\" data-id=\"242ca42\" data-element_type=\"column\" data-e-type=\"column\">\n\t\t\t<div class=\"elementor-widget-wrap elementor-element-populated\">\n\t\t\t\t\t\t<div class=\"elementor-element elementor-element-c9bfd7e animated-slow elementor-invisible elementor-widget elementor-widget-heading\" data-id=\"c9bfd7e\" data-element_type=\"widget\" data-e-type=\"widget\" data-settings=\"{&quot;_animation&quot;:&quot;fadeInLeft&quot;}\" data-widget_type=\"heading.default\">\n\t\t\t\t<div class=\"elementor-widget-container\">\n\t\t\t\t\t<h5 class=\"elementor-heading-title elementor-size-default\">ARSO<\/h5>\t\t\t\t<\/div>\n\t\t\t\t<\/div>\n\t\t\t\t<div class=\"elementor-element elementor-element-0d7a93c elementor-widget elementor-widget-heading\" data-id=\"0d7a93c\" data-element_type=\"widget\" data-e-type=\"widget\" data-widget_type=\"heading.default\">\n\t\t\t\t<div class=\"elementor-widget-container\">\n\t\t\t\t\t<h2 class=\"elementor-heading-title elementor-size-default\">Politica Cookies<\/h2>\t\t\t\t<\/div>\n\t\t\t\t<\/div>\n\t\t\t\t<div class=\"elementor-element elementor-element-d5d5682 elementor-widget elementor-widget-text-editor\" data-id=\"d5d5682\" data-element_type=\"widget\" data-e-type=\"widget\" data-widget_type=\"text-editor.default\">\n\t\t\t\t<div class=\"elementor-widget-container\">\n\t\t\t\t\t\t\t\t\t<p>Ultima actualizare: 29.05.2023<\/p><p>Mul\u021bumim c\u0103 utiliza\u021bi website-ul <a href=\"https:\/\/arso.ro\/en\/\" target=\"_new\">https:\/\/arso.ro\/<\/a>. Aceast\u0103 politic\u0103 de cookie-uri explic\u0103 cum utiliz\u0103m modulele cookie \u0219i tehnologii similare pe acest website. V\u0103 rug\u0103m s\u0103 citi\u021bi cu aten\u021bie aceast\u0103 politic\u0103 \u0219i s\u0103 ne contacta\u021bi dac\u0103 ave\u021bi \u00eentreb\u0103ri sau nel\u0103muriri.<\/p><ol><li><p>Ce sunt modulele cookie: Modulele cookie sunt fi\u0219iere mici de text pe care website-urile le stocheaz\u0103 pe dispozitivele utilizatorilor. Acestea con\u021bin informa\u021bii despre preferin\u021bele \u0219i activit\u0103\u021bile utilizatorului pe website \u0219i sunt utilizate pentru a \u00eembun\u0103t\u0103\u021bi func\u021bionalitatea \u0219i experien\u021ba utilizatorului.<\/p><\/li><li><p>Tipurile de module cookie utilizate: a. Module cookie esen\u021biale: Aceste module cookie sunt necesare pentru func\u021bionarea corect\u0103 a website-ului nostru. Ele permit accesul la func\u021bii \u0219i servicii fundamentale \u0219i nu pot fi dezactivate \u00een sistemul nostru. b. Module cookie de performan\u021b\u0103: Aceste module cookie colecteaz\u0103 informa\u021bii despre modul \u00een care utilizatorii interac\u021bioneaz\u0103 cu website-ul nostru, cum ar fi paginile vizitate sau erorile \u00eent\u00e2lnite. Aceste informa\u021bii ne ajut\u0103 s\u0103 \u00eembun\u0103t\u0103\u021bim func\u021bionalitatea website-ului. c. Module cookie de func\u021bionalitate: Aceste module cookie permit website-ului nostru s\u0103 \u00ee\u0219i aminteasc\u0103 alegerile \u0219i preferin\u021bele utilizatorului, cum ar fi limba preferat\u0103 sau regiunea \u00een care se afl\u0103. Acestea ofer\u0103 o experien\u021b\u0103 personalizat\u0103 utilizatorului. d. Module cookie de publicitate \u0219i marketing: Aceste module cookie sunt utilizate pentru a furniza anun\u021buri relevante utilizatorilor \u0219i pentru a personaliza con\u021binutul afi\u0219at pe website-ul nostru \u0219i pe alte site-uri web.<\/p><\/li><li><p>Utilizarea modulelor cookie de c\u0103tre ter\u021be p\u0103r\u021bi: Pe website-ul nostru pot fi utilizate module cookie de c\u0103tre ter\u021be p\u0103r\u021bi, cum ar fi furnizorii de servicii de analiz\u0103 sau re\u021belele de publicitate. Aceste module cookie pot colecta informa\u021bii despre comportamentul de navigare al utilizatorilor \u0219i pot fi utilizate pentru a furniza anun\u021buri personalizate.<\/p><\/li><li><p>Op\u021biuni privind modulele cookie: Pute\u021bi controla \u0219i gestiona preferin\u021bele privind modulele cookie prin intermediul set\u0103rilor browserului dvs. Pute\u021bi alege s\u0103 bloca\u021bi sau s\u0103 \u0219terge\u021bi modulele cookie existente \u0219i s\u0103 seta\u021bi preferin\u021be pentru a refuza sau a primi notific\u0103ri \u00eenainte de a accepta module cookie noi. V\u0103 rug\u0103m s\u0103 re\u021bine\u021bi c\u0103 blocarea sau \u0219tergerea modulelor cookie poate afecta func\u021bionalitatea website-ului nostru \u0219i poate limita accesul la anumite caracteristici.<\/p><\/li><li><p>Politica de confiden\u021bialitate: Informa\u021biile colectate prin intermediul modulelor cookie sunt tratate conform politicii noastre de confiden\u021bialitate. Pentru mai multe informa\u021bii despre modul \u00een care colect\u0103m, utiliz\u0103m \u0219i protej\u0103m datele personale, v\u0103 rug\u0103m s\u0103 consulta\u021bi politica noastr\u0103 de confiden\u021bialitate.<\/p><\/li><\/ol>\t\t\t\t\t\t\t\t<\/div>\n\t\t\t\t<\/div>\n\t\t\t\t\t<\/div>\n\t\t<\/div>\n\t\t\t\t\t<\/div>\n\t\t<\/section>\n\t\t\t\t<\/div>","protected":false},"excerpt":{"rendered":"<p>Politica Cookies Acas\u0103 Politica Cookies ARSO Politica Cookies Ultima actualizare: 29.05.2023 Mul\u021bumim c\u0103 utiliza\u021bi website-ul https:\/\/arso.ro\/. Aceast\u0103 politic\u0103 de cookie-uri explic\u0103 cum utiliz\u0103m modulele cookie \u0219i tehnologii similare pe acest website. V\u0103 rug\u0103m s\u0103 citi\u021bi cu aten\u021bie aceast\u0103 politic\u0103 \u0219i s\u0103 ne contacta\u021bi dac\u0103 ave\u021bi \u00eentreb\u0103ri sau nel\u0103muriri. Ce sunt modulele cookie: Modulele cookie sunt [&hellip;]<\/p>","protected":false},"author":1,"featured_media":0,"parent":0,"menu_order":0,"comment_status":"closed","ping_status":"closed","template":"","meta":{"ocean_post_layout":"full-screen","ocean_both_sidebars_style":"","ocean_both_sidebars_content_width":0,"ocean_both_sidebars_sidebars_width":0,"ocean_sidebar":"0","ocean_second_sidebar":"0","ocean_disable_margins":"enable","ocean_add_body_class":"","ocean_shortcode_before_top_bar":"","ocean_shortcode_after_top_bar":"","ocean_shortcode_before_header":"","ocean_shortcode_after_header":"","ocean_has_shortcode":"","ocean_shortcode_after_title":"","ocean_shortcode_before_footer_widgets":"","ocean_shortcode_after_footer_widgets":"","ocean_shortcode_before_footer_bottom":"","ocean_shortcode_after_footer_bottom":"","ocean_display_top_bar":"default","ocean_display_header":"default","ocean_header_style":"","ocean_center_header_left_menu":"0","ocean_custom_header_template":"0","ocean_custom_logo":0,"ocean_custom_retina_logo":0,"ocean_custom_logo_max_width":0,"ocean_custom_logo_tablet_max_width":0,"ocean_custom_logo_mobile_max_width":0,"ocean_custom_logo_max_height":0,"ocean_custom_logo_tablet_max_height":0,"ocean_custom_logo_mobile_max_height":0,"ocean_header_custom_menu":"0","ocean_menu_typo_font_family":"0","ocean_menu_typo_font_subset":"","ocean_menu_typo_font_size":0,"ocean_menu_typo_font_size_tablet":0,"ocean_menu_typo_font_size_mobile":0,"ocean_menu_typo_font_size_unit":"px","ocean_menu_typo_font_weight":"","ocean_menu_typo_font_weight_tablet":"","ocean_menu_typo_font_weight_mobile":"","ocean_menu_typo_transform":"","ocean_menu_typo_transform_tablet":"","ocean_menu_typo_transform_mobile":"","ocean_menu_typo_line_height":0,"ocean_menu_typo_line_height_tablet":0,"ocean_menu_typo_line_height_mobile":0,"ocean_menu_typo_line_height_unit":"","ocean_menu_typo_spacing":0,"ocean_menu_typo_spacing_tablet":0,"ocean_menu_typo_spacing_mobile":0,"ocean_menu_typo_spacing_unit":"","ocean_menu_link_color":"","ocean_menu_link_color_hover":"","ocean_menu_link_color_active":"","ocean_menu_link_background":"","ocean_menu_link_hover_background":"","ocean_menu_link_active_background":"","ocean_menu_social_links_bg":"","ocean_menu_social_hover_links_bg":"","ocean_menu_social_links_color":"","ocean_menu_social_hover_links_color":"","ocean_disable_title":"default","ocean_disable_heading":"default","ocean_post_title":"","ocean_post_subheading":"","ocean_post_title_style":"","ocean_post_title_background_color":"","ocean_post_title_background":0,"ocean_post_title_bg_image_position":"","ocean_post_title_bg_image_attachment":"","ocean_post_title_bg_image_repeat":"","ocean_post_title_bg_image_size":"","ocean_post_title_height":0,"ocean_post_title_bg_overlay":0.5,"ocean_post_title_bg_overlay_color":"","ocean_disable_breadcrumbs":"default","ocean_breadcrumbs_color":"","ocean_breadcrumbs_separator_color":"","ocean_breadcrumbs_links_color":"","ocean_breadcrumbs_links_hover_color":"","ocean_display_footer_widgets":"default","ocean_display_footer_bottom":"default","ocean_custom_footer_template":"0","footnotes":""},"class_list":["post-360","page","type-page","status-publish","hentry","entry","owp-thumbs-layout-horizontal","owp-btn-normal","owp-tabs-layout-horizontal","has-no-thumbnails","has-product-nav"],"_links":{"self":[{"href":"https:\/\/arso.ro\/en\/wp-json\/wp\/v2\/pages\/360","targetHints":{"allow":["GET"]}}],"collection":[{"href":"https:\/\/arso.ro\/en\/wp-json\/wp\/v2\/pages"}],"about":[{"href":"https:\/\/arso.ro\/en\/wp-json\/wp\/v2\/types\/page"}],"author":[{"embeddable":true,"href":"https:\/\/arso.ro\/en\/wp-json\/wp\/v2\/users\/1"}],"replies":[{"embeddable":true,"href":"https:\/\/arso.ro\/en\/wp-json\/wp\/v2\/comments?post=360"}],"version-history":[{"count":4,"href":"https:\/\/arso.ro\/en\/wp-json\/wp\/v2\/pages\/360\/revisions"}],"predecessor-version":[{"id":374,"href":"https:\/\/arso.ro\/en\/wp-json\/wp\/v2\/pages\/360\/revisions\/374"}],"wp:attachment":[{"href":"https:\/\/arso.ro\/en\/wp-json\/wp\/v2\/media?parent=360"}],"curies":[{"name":"wp","href":"https:\/\/api.w.org\/{rel}","templated":true}]}}